{"id":595,"date":"2018-12-13T15:17:50","date_gmt":"2018-12-13T14:17:50","guid":{"rendered":"https:\/\/dicke-wirtin.de\/?page_id=595"},"modified":"2019-08-30T10:38:43","modified_gmt":"2019-08-30T08:38:43","slug":"imprint","status":"publish","type":"page","link":"https:\/\/dicke-wirtin.de\/en\/imprint\/","title":{"rendered":"Imprint"},"content":{"rendered":"<p><div class=\"fusion-fullwidth fullwidth-box fusion-builder-row-1 fusion-parallax-none top-title-container nonhundred-percent-fullwidth non-hundred-percent-height-scrolling fusion-equal-height-columns\" style=\"background-color: rgba(255,255,255,0);background-image: url(&quot;https:\/\/dicke-wirtin.de\/wp-content\/uploads\/2018\/11\/impressum_bg.jpg&quot;);background-position: center center;background-repeat: no-repeat;padding-top:0px;padding-right:0px;padding-bottom:0px;padding-left:0px;margin-bottom: 40px;margin-top: 0px;border-width: 0px 0px 0px 0px;border-color:#eae9e9;border-style:solid;-webkit-background-size:cover;-moz-background-size:cover;-o-background-size:cover;background-size:cover;\" ><div class=\"fusion-builder-row fusion-row\"><div class=\"fusion-layout-column fusion_builder_column fusion-builder-column-0 fusion_builder_column_1_1 1_1 fusion-one-full fusion-column-first fusion-column-last\" style=\"margin-top:0px;margin-bottom:20px;\"><div class=\"fusion-column-wrapper fusion-flex-column-wrapper-legacy\" style=\"background-position:left top;background-repeat:no-repeat;-webkit-background-size:cover;-moz-background-size:cover;-o-background-size:cover;background-size:cover;padding: 0px 0px 0px 0px;\"><div class=\"fusion-column-content-centered\"><div class=\"fusion-column-content\"><style type=\"text\/css\"><\/style><div class=\"fusion-title title fusion-title-1 fusion-sep-none fusion-title-center fusion-title-text fusion-title-size-one top-container-title\" style=\"margin-top:0px;margin-right:0px;margin-bottom:31px;margin-left:0px;\"><h1 class=\"title-heading-center\" style=\"margin:0;\">Imprint<\/h1><\/div><\/div><\/div><div class=\"fusion-clearfix\"><\/div><\/div><\/div><\/div><\/div><div id=\"start\"><div class=\"fusion-fullwidth fullwidth-box fusion-builder-row-2 nonhundred-percent-fullwidth non-hundred-percent-height-scrolling\" style=\"background-color: rgba(255,255,255,0);background-position: center center;background-repeat: no-repeat;padding-top:0px;padding-right:0px;padding-bottom:0px;padding-left:0px;margin-bottom: 60px;margin-top: 0px;border-width: 0px 0px 0px 0px;border-color:#eae9e9;border-style:solid;\" ><div class=\"fusion-builder-row fusion-row\"><div class=\"fusion-layout-column fusion_builder_column fusion-builder-column-1 fusion_builder_column_1_1 1_1 fusion-one-full fusion-column-first fusion-column-last\" style=\"margin-top:0px;margin-bottom:20px;\"><div class=\"fusion-column-wrapper fusion-flex-column-wrapper-legacy\" style=\"background-position:left top;background-repeat:no-repeat;-webkit-background-size:cover;-moz-background-size:cover;-o-background-size:cover;background-size:cover;padding: 0px 0px 0px 0px;\"><style type=\"text\/css\"><\/style><div class=\"fusion-title title fusion-title-2 fusion-sep-none fusion-title-text fusion-title-size-three\" style=\"margin-top:0px;margin-right:0px;margin-bottom:20px;margin-left:0px;\"><h3 class=\"title-heading-left\" style=\"margin:0;\">Impressum<\/h3><\/div><div class=\"fusion-text fusion-text-1\"><p>DICKE WIRTIN<br \/>\nCarmerstr. 9<br \/>\n10623 Berlin Charlottenburg<br \/>\nTelefon <a href=\"tel:+49303124952\">030 &#8211; 312 49 52<\/a><\/p>\n<p>Internet: <a href=\"https:\/\/www.dicke-wirtin.de\">www.dicke-wirtin.de<\/a><br \/>\nMail: <a href=\"mailto:post@dicke-wirtin.de\">post@dicke-wirtin.de<\/a><\/p>\n<p>Inhaber und inhaltlich Verantwortlicher gem\u00e4\u00df \u00a7 55 Abs. 2 RStV:<br \/>\nDrees Gastst\u00e4tten GmbH<br \/>\nCarmerstr. 9<br \/>\n10623 Berlin<\/p>\n<p>Gesch\u00e4ftsf\u00fchrer:<br \/>\nKarsten und Uwe Drees<\/p>\n<p>Handelsregister:<br \/>\nAG Berlin-Charlottenburg HRB 173540 B<\/p>\n<p>Aufsichtsbeh\u00f6rde:<br \/>\nBezirksamt Charlottenburg-Wilmersdorf von Berlin, Abteilung B\u00fcrgerdienste, Wirtschafts- und Ordnungsangelegenheiten, Hohenzollerndamm 174-177, 10713 Berlin<\/p>\n<p>Design &amp; Programmierung<br \/>\n<a href=\"https:\/\/www.welove2design.com\">www.welove2design.com<\/a><\/p>\n<p>Fotos<br \/>\n<a href=\"https:\/\/www.welove2design.com\">www.welove2design.com<\/a><\/p>\n<p>Haftung f\u00fcr Inhalte<\/p>\n<p>Die Inhalte unserer Seiten wurden mit gr\u00f6\u00dfter Sorgfalt erstellt. F\u00fcr die Richtigkeit, Vollst\u00e4ndigkeit und Aktualit\u00e4t der Inhalte k\u00f6nnen wir jedoch keine Gew\u00e4hr \u00fcbernehmen. Als Diensteanbieter sind wir gem\u00e4\u00df \u00a7 6 Abs.1 MDStV und \u00a7 8 Abs.1 TDG f\u00fcr eigene Inhalte auf diesen Seiten nach den allgemeinen Gesetzen verantwortlich. Diensteanbieter sind jedoch nicht verpflichtet, die von ihnen \u00fcbermittelten oder gespeicherten fremden Informationen zu \u00fcberwachen oder nach Umst\u00e4nden zu forschen, die auf eine rechtswidrige T\u00e4tigkeit hinweisen. Verpflichtungen zur Entfernung oder Sperrung der Nutzung von Informationen nach den allgemeinen Gesetzen bleiben hiervon unber\u00fchrt. Eine diesbez\u00fcgliche Haftung ist jedoch erst ab dem Zeitpunkt der Kenntnis einer konkreten Rechtsverletzung m\u00f6glich. Bei bekannt werden von entsprechenden Rechtsverletzungen werden wir diese Inhalte umgehend entfernen.<\/p>\n<p>Haftung f\u00fcr Links<\/p>\n<p>Unser Angebot enth\u00e4lt Links zu externen Webseiten Dritter, auf deren Inhalte wir keinen Einfluss haben. Deshalb k\u00f6nnen wir f\u00fcr diese fremden Inhalte auch keine Gew\u00e4hr \u00fcbernehmen. F\u00fcr die Inhalte der verlinkten Seiten ist stets der jeweilige Anbieter oder Betreiber der Seiten verantwortlich. Die verlinkten Seiten wurden zum Zeitpunkt der Verlinkung auf m\u00f6gliche Rechtsverst\u00f6\u00dfe \u00fcberpr\u00fcft. Rechtswidrige Inhalte waren zum Zeitpunkt der Verlinkung nicht erkennbar. Eine permanente inhaltliche Kontrolle der verlinkten Seiten ist jedoch ohne konkrete Anhaltspunkte einer Rechtsverletzung nicht zumutbar. Bei bekannt werden von Rechtsverletzungen werden wir derartige Links umgehend entfernen.<\/p>\n<p>Urheberrecht<\/p>\n<p>Die Betreiber der Seiten sind bem\u00fcht, stets die Urheberrechte anderer zu beachten bzw. auf selbst erstellte sowie lizenztfreie Werke zur\u00fcckzugreifen. Die durch die Seitenbetreiber erstellten Inhalte und Werke auf diesen Seiten unterliegen dem deutschen Urheberrecht. Beitr\u00e4ge Dritter sind als solche gekennzeichnet.<\/p>\n<\/div><div class=\"fusion-clearfix\"><\/div><\/div><\/div><\/div><\/div><\/div><\/p>\n","protected":false},"excerpt":{"rendered":"","protected":false},"author":2,"featured_media":0,"parent":0,"menu_order":0,"comment_status":"closed","ping_status":"closed","template":"100-width.php","meta":{"_locale":"en_US","_original_post":"272","footnotes":""},"class_list":["post-595","page","type-page","status-publish","hentry","en-US"],"yoast_head":"<!-- This site is optimized with the Yoast SEO plugin v25.6 - https:\/\/yoast.com\/wordpress\/plugins\/seo\/ -->\n<title>Imprint - Dicke Wirtin<\/title>\n<meta name=\"description\" content=\"Here you will find the DICKE WIRTIN imprint, information about the website and Facebook Social Plugins as well as the disclaimer.\" \/>\n<meta name=\"robots\" content=\"index, follow, max-snippet:-1, max-image-preview:large, max-video-preview:-1\" \/>\n<link rel=\"canonical\" href=\"https:\/\/dicke-wirtin.de\/en\/imprint\/\" \/>\n<meta property=\"og:locale\" content=\"en_US\" \/>\n<meta property=\"og:type\" content=\"article\" \/>\n<meta property=\"og:title\" content=\"Imprint - Dicke Wirtin\" \/>\n<meta property=\"og:description\" content=\"Here you will find the DICKE WIRTIN imprint, information about the website and Facebook Social Plugins as well as the disclaimer.\" \/>\n<meta property=\"og:url\" content=\"https:\/\/dicke-wirtin.de\/en\/imprint\/\" \/>\n<meta property=\"og:site_name\" content=\"Dicke Wirtin\" \/>\n<meta property=\"article:publisher\" content=\"https:\/\/www.facebook.com\/DickeWirtin\/\" \/>\n<meta property=\"article:modified_time\" content=\"2019-08-30T08:38:43+00:00\" \/>\n<meta property=\"og:image\" content=\"https:\/\/dicke-wirtin.de\/wp-content\/uploads\/2018\/09\/slider-start-bg.jpg\" \/>\n\t<meta property=\"og:image:width\" content=\"1920\" \/>\n\t<meta property=\"og:image:height\" content=\"1044\" \/>\n\t<meta property=\"og:image:type\" content=\"image\/jpeg\" \/>\n<meta name=\"twitter:card\" content=\"summary_large_image\" \/>\n<meta name=\"twitter:label1\" content=\"Est. reading time\" \/>\n\t<meta name=\"twitter:data1\" content=\"4 minutes\" \/>\n<script type=\"application\/ld+json\" class=\"yoast-schema-graph\">{\"@context\":\"https:\/\/schema.org\",\"@graph\":[{\"@type\":\"WebPage\",\"@id\":\"https:\/\/dicke-wirtin.de\/en\/imprint\/\",\"url\":\"https:\/\/dicke-wirtin.de\/en\/imprint\/\",\"name\":\"Imprint - Dicke Wirtin\",\"isPartOf\":{\"@id\":\"https:\/\/dicke-wirtin.de\/#website\"},\"datePublished\":\"2018-12-13T14:17:50+00:00\",\"dateModified\":\"2019-08-30T08:38:43+00:00\",\"description\":\"Here you will find the DICKE WIRTIN imprint, information about the website and Facebook Social Plugins as well as the disclaimer.\",\"breadcrumb\":{\"@id\":\"https:\/\/dicke-wirtin.de\/en\/imprint\/#breadcrumb\"},\"inLanguage\":\"en-US\",\"potentialAction\":[{\"@type\":\"ReadAction\",\"target\":[\"https:\/\/dicke-wirtin.de\/en\/imprint\/\"]}]},{\"@type\":\"BreadcrumbList\",\"@id\":\"https:\/\/dicke-wirtin.de\/en\/imprint\/#breadcrumb\",\"itemListElement\":[{\"@type\":\"ListItem\",\"position\":1,\"name\":\"Startseite\",\"item\":\"https:\/\/dicke-wirtin.de\/en\/\"},{\"@type\":\"ListItem\",\"position\":2,\"name\":\"Imprint\"}]},{\"@type\":\"WebSite\",\"@id\":\"https:\/\/dicke-wirtin.de\/#website\",\"url\":\"https:\/\/dicke-wirtin.de\/\",\"name\":\"Dicke Wirtin\",\"description\":\"Das Berliner Traditions Restaurant am Savigny Platz\",\"potentialAction\":[{\"@type\":\"SearchAction\",\"target\":{\"@type\":\"EntryPoint\",\"urlTemplate\":\"https:\/\/dicke-wirtin.de\/?s={search_term_string}\"},\"query-input\":{\"@type\":\"PropertyValueSpecification\",\"valueRequired\":true,\"valueName\":\"search_term_string\"}}],\"inLanguage\":\"en-US\"}]}<\/script>\n<!-- \/ Yoast SEO plugin. -->","yoast_head_json":{"title":"Imprint - Dicke Wirtin","description":"Here you will find the DICKE WIRTIN imprint, information about the website and Facebook Social Plugins as well as the disclaimer.","robots":{"index":"index","follow":"follow","max-snippet":"max-snippet:-1","max-image-preview":"max-image-preview:large","max-video-preview":"max-video-preview:-1"},"canonical":"https:\/\/dicke-wirtin.de\/en\/imprint\/","og_locale":"en_US","og_type":"article","og_title":"Imprint - Dicke Wirtin","og_description":"Here you will find the DICKE WIRTIN imprint, information about the website and Facebook Social Plugins as well as the disclaimer.","og_url":"https:\/\/dicke-wirtin.de\/en\/imprint\/","og_site_name":"Dicke Wirtin","article_publisher":"https:\/\/www.facebook.com\/DickeWirtin\/","article_modified_time":"2019-08-30T08:38:43+00:00","og_image":[{"width":1920,"height":1044,"url":"https:\/\/dicke-wirtin.de\/wp-content\/uploads\/2018\/09\/slider-start-bg.jpg","type":"image\/jpeg"}],"twitter_card":"summary_large_image","twitter_misc":{"Est. reading time":"4 minutes"},"schema":{"@context":"https:\/\/schema.org","@graph":[{"@type":"WebPage","@id":"https:\/\/dicke-wirtin.de\/en\/imprint\/","url":"https:\/\/dicke-wirtin.de\/en\/imprint\/","name":"Imprint - Dicke Wirtin","isPartOf":{"@id":"https:\/\/dicke-wirtin.de\/#website"},"datePublished":"2018-12-13T14:17:50+00:00","dateModified":"2019-08-30T08:38:43+00:00","description":"Here you will find the DICKE WIRTIN imprint, information about the website and Facebook Social Plugins as well as the disclaimer.","breadcrumb":{"@id":"https:\/\/dicke-wirtin.de\/en\/imprint\/#breadcrumb"},"inLanguage":"en-US","potentialAction":[{"@type":"ReadAction","target":["https:\/\/dicke-wirtin.de\/en\/imprint\/"]}]},{"@type":"BreadcrumbList","@id":"https:\/\/dicke-wirtin.de\/en\/imprint\/#breadcrumb","itemListElement":[{"@type":"ListItem","position":1,"name":"Startseite","item":"https:\/\/dicke-wirtin.de\/en\/"},{"@type":"ListItem","position":2,"name":"Imprint"}]},{"@type":"WebSite","@id":"https:\/\/dicke-wirtin.de\/#website","url":"https:\/\/dicke-wirtin.de\/","name":"Dicke Wirtin","description":"Das Berliner Traditions Restaurant am Savigny Platz","potentialAction":[{"@type":"SearchAction","target":{"@type":"EntryPoint","urlTemplate":"https:\/\/dicke-wirtin.de\/?s={search_term_string}"},"query-input":{"@type":"PropertyValueSpecification","valueRequired":true,"valueName":"search_term_string"}}],"inLanguage":"en-US"}]}},"_links":{"self":[{"href":"https:\/\/dicke-wirtin.de\/wp-json\/wp\/v2\/pages\/595"}],"collection":[{"href":"https:\/\/dicke-wirtin.de\/wp-json\/wp\/v2\/pages"}],"about":[{"href":"https:\/\/dicke-wirtin.de\/wp-json\/wp\/v2\/types\/page"}],"author":[{"embeddable":true,"href":"https:\/\/dicke-wirtin.de\/wp-json\/wp\/v2\/users\/2"}],"replies":[{"embeddable":true,"href":"https:\/\/dicke-wirtin.de\/wp-json\/wp\/v2\/comments?post=595"}],"version-history":[{"count":4,"href":"https:\/\/dicke-wirtin.de\/wp-json\/wp\/v2\/pages\/595\/revisions"}],"predecessor-version":[{"id":1046,"href":"https:\/\/dicke-wirtin.de\/wp-json\/wp\/v2\/pages\/595\/revisions\/1046"}],"wp:attachment":[{"href":"https:\/\/dicke-wirtin.de\/wp-json\/wp\/v2\/media?parent=595"}],"curies":[{"name":"wp","href":"https:\/\/api.w.org\/{rel}","templated":true}]}}